{"id":11055,"date":"2016-10-10T06:44:03","date_gmt":"2016-10-10T06:44:03","guid":{"rendered":"http:\/\/localhost\/ecopark\/?page_id=11055"},"modified":"2020-12-22T16:46:34","modified_gmt":"2020-12-22T16:46:34","slug":"por_hacer","status":"publish","type":"page","link":"https:\/\/santamariadelasierra.com\/web\/por_hacer\/","title":{"rendered":"Cosas por hacer"},"content":{"rendered":"<p><section class=\"kc-elm kc-css-719429 kc_row\"><div class=\"kc-row-container  kc-container\"><div class=\"kc-wrap-columns\"><div class=\"kc-elm kc-css-275141 kc_col-sm-12 kc_column kc_col-sm-12\"><div class=\"kc-col-container\">\n<div class=\"element-block-heading style-default\">\n\t<div class=\"wrapper\">\n\t\t<div class=\"inner\">\n\t\t\t\n\t\t\t\t\t\t<h2 class=\"heading\">Ecoturismo<\/h2>\n\t\t\t\t\t\t\n\t\t\t\t\t<\/div>\n\t<\/div>\n<\/div><\/div><\/div><\/div><\/div><\/section><section class=\"kc-elm kc-css-682968 kc_row\"><div class=\"kc-row-container  kc-container\"><div class=\"kc-wrap-columns\"><div class=\"kc-elm kc-css-232070 kc_col-sm-4 kc_column kc_col-sm-4\"><div class=\"kc-col-container\"><div class=\"kc_shortcode kc_single_image effect-v3\"><img src=\"https:\/\/santamariadelasierra.com\/web\/wp-content\/uploads\/2020\/11\/cabalgata.jpg\" class=\"\" alt=\"\" \/><\/div>\n<div class=\"element-block-heading style-default\">\n\t<div class=\"wrapper\">\n\t\t<div class=\"inner\">\n\t\t\t\n\t\t\t\t\t\t\n\t\t\t\t\t\t<p class=\"description\">Realiza actividades para contactar con la flora y fauna del bosque.<\/p>\n\t\t\t\t\t<\/div>\n\t<\/div>\n<\/div><\/div><\/div><div class=\"kc-elm kc-css-991961 kc_col-sm-4 kc_column kc_col-sm-4\"><div class=\"kc-col-container\">\n<div class=\"element-block-heading style-default\">\n\t<div class=\"wrapper\">\n\t\t<div class=\"inner\">\n\t\t\t\n\t\t\t\t\t\t\n\t\t\t\t\t\t<p class=\"description\">Disfruta de emociones cargadas de adrenalina en paseos en moto, bicicletas de monta\u00f1a, cabalgatas, caminatas por el bosque, rapel y  tirolesas en parques cercanos al desarrollo. <\/p>\n\t\t\t\t\t<\/div>\n\t<\/div>\n<\/div><div class=\"kc_shortcode kc_single_image effect-v3\"><img src=\"https:\/\/santamariadelasierra.com\/web\/wp-content\/uploads\/2020\/11\/ciclismo.jpg\" class=\"\" alt=\"\" \/><\/div><\/div><\/div><div class=\"kc-elm kc-css-262009 kc_col-sm-4 kc_column kc_col-sm-4\"><div class=\"kc-col-container\"><div class=\"kc_shortcode kc_single_image effect-v3\"><img src=\"https:\/\/santamariadelasierra.com\/web\/wp-content\/uploads\/2020\/11\/renta-de-motos-en-tapalpa-jalisco.jpg\" class=\"\" alt=\"\" \/><\/div>\n<div class=\"element-block-heading style-default\">\n\t<div class=\"wrapper\">\n\t\t<div class=\"inner\">\n\t\t\t\n\t\t\t\t\t\t\n\t\t\t\t\t\t<p class=\"description\">Participa en eventos y competencias que se organizan durante todo el a\u00f1o en la zona. Como triatl\u00f3n, carreras y m\u00e1s.<\/p>\n\t\t\t\t\t<\/div>\n\t<\/div>\n<\/div><\/div><\/div><\/div><\/div><\/section><section class=\"kc-elm kc-css-350445 kc_row\"><div class=\"kc-row-container  kc-container\"><div class=\"kc-wrap-columns\"><div class=\"kc-elm kc-css-860089 kc_col-sm-12 kc_column kc_col-sm-12\"><div class=\"kc-col-container\"><div class=\"kc-elm kc-css-536630\" style=\"height: 30px; clear: both; width:100%;\"><\/div>\n<div class=\"element-block-heading style-default\">\n\t<div class=\"wrapper\">\n\t\t<div class=\"inner\">\n\t\t\t\n\t\t\t\t\t\t<h2 class=\"heading\">Vive la naturaleza al m\u00e1ximo<\/h2>\n\t\t\t\t\t\t\n\t\t\t\t\t\t<p class=\"description\">Tus peque\u00f1os convivir\u00e1n con los animales del campo en las orde\u00f1as cercanas. En verano disfrutar\u00e1s de deliciosos chubascos, arroyos, cascadas y d\u00edas de campo. Conoce a la comunidad de Los Espinos, donde descubrir\u00e1s las tradiciones y sencillez de sus habitantes.<\/p>\n\t\t\t\t\t<\/div>\n\t<\/div>\n<\/div><div class=\"kc-elm kc-css-392099\">\n\t<div class=\"kc-carousel_images kc-elm kc-css-392099\">\n\t\n\t\t<div class=\"kc-carousel-images owl-carousel-images kc-sync1 \" data-owl-i-options='{\"items\":\"6\",\"tablet\":\"2\",\"mobile\":\"1\",\"speed\":\"500\",\"navigation\":\"\",\"pagination\":\"yes\",\"autoheight\":\"\",\"progressbar\":\"\",\"delay\":\"8\",\"autoplay\":\"yes\",\"showthumb\":\"\",\"num_thumb\":\"5\"}'>\n\t\n\t\t\t\t\t<div class=\"item\">\n\t\n\t\t\t<a class=\"kc-image-link kc-pretty-photo\" data-lightbox=\"kc-lightbox\" rel=\"prettyPhoto[392099]\" href=\"https:\/\/santamariadelasierra.com\/web\/wp-content\/uploads\/2020\/11\/3E1C551F-05ED-41F1-AAC2-292303EDA75B.jpeg\"><img src=\"https:\/\/santamariadelasierra.com\/web\/wp-content\/uploads\/2020\/11\/3E1C551F-05ED-41F1-AAC2-292303EDA75B.jpeg\" alt=\"\" \/><\/a>\t\n\t\t\t<\/div>\n\t\n\t\t\t\t\t<div class=\"item\">\n\t\n\t\t\t<a class=\"kc-image-link kc-pretty-photo\" data-lightbox=\"kc-lightbox\" rel=\"prettyPhoto[392099]\" href=\"https:\/\/santamariadelasierra.com\/web\/wp-content\/uploads\/2020\/11\/56F742F5-9B4D-4063-943A-D4FB25C41F67.jpeg\"><img src=\"https:\/\/santamariadelasierra.com\/web\/wp-content\/uploads\/2020\/11\/56F742F5-9B4D-4063-943A-D4FB25C41F67.jpeg\" alt=\"\" \/><\/a>\t\n\t\t\t<\/div>\n\t\n\t\t\t\t\t<div class=\"item\">\n\t\n\t\t\t<a class=\"kc-image-link kc-pretty-photo\" data-lightbox=\"kc-lightbox\" rel=\"prettyPhoto[392099]\" href=\"https:\/\/santamariadelasierra.com\/web\/wp-content\/uploads\/2020\/11\/9E975266-7FCD-458C-808F-AF5527FAEA6B.jpeg\"><img src=\"https:\/\/santamariadelasierra.com\/web\/wp-content\/uploads\/2020\/11\/9E975266-7FCD-458C-808F-AF5527FAEA6B.jpeg\" alt=\"\" \/><\/a>\t\n\t\t\t<\/div>\n\t\n\t\t\t\t\t<div class=\"item\">\n\t\n\t\t\t<a class=\"kc-image-link kc-pretty-photo\" data-lightbox=\"kc-lightbox\" rel=\"prettyPhoto[392099]\" href=\"https:\/\/santamariadelasierra.com\/web\/wp-content\/uploads\/2020\/11\/8FA407FC-9FE2-4CEF-ACFF-953354D8C44E.jpeg\"><img src=\"https:\/\/santamariadelasierra.com\/web\/wp-content\/uploads\/2020\/11\/8FA407FC-9FE2-4CEF-ACFF-953354D8C44E.jpeg\" alt=\"\" \/><\/a>\t\n\t\t\t<\/div>\n\t\n\t\t\t\t\t<div class=\"item\">\n\t\n\t\t\t<a class=\"kc-image-link kc-pretty-photo\" data-lightbox=\"kc-lightbox\" rel=\"prettyPhoto[392099]\" href=\"https:\/\/santamariadelasierra.com\/web\/wp-content\/uploads\/2020\/11\/7DB55AAE-6895-4DC4-AC8A-CF27455723F6.jpeg\"><img src=\"https:\/\/santamariadelasierra.com\/web\/wp-content\/uploads\/2020\/11\/7DB55AAE-6895-4DC4-AC8A-CF27455723F6.jpeg\" alt=\"\" \/><\/a>\t\n\t\t\t<\/div>\n\t\n\t\t\t\t\t<div class=\"item\">\n\t\n\t\t\t<a class=\"kc-image-link kc-pretty-photo\" data-lightbox=\"kc-lightbox\" rel=\"prettyPhoto[392099]\" href=\"https:\/\/santamariadelasierra.com\/web\/wp-content\/uploads\/2020\/11\/C13DDA8A-6747-48C3-82DC-D969F8E557DE.jpeg\"><img src=\"https:\/\/santamariadelasierra.com\/web\/wp-content\/uploads\/2020\/11\/C13DDA8A-6747-48C3-82DC-D969F8E557DE.jpeg\" alt=\"\" \/><\/a>\t\n\t\t\t<\/div>\n\t\n\t\t\t\t\t<div class=\"item\">\n\t\n\t\t\t<a class=\"kc-image-link kc-pretty-photo\" data-lightbox=\"kc-lightbox\" rel=\"prettyPhoto[392099]\" href=\"https:\/\/santamariadelasierra.com\/web\/wp-content\/uploads\/2020\/11\/C6E29024-8F6B-44D2-AF76-2C62197DB02C.jpeg\"><img src=\"https:\/\/santamariadelasierra.com\/web\/wp-content\/uploads\/2020\/11\/C6E29024-8F6B-44D2-AF76-2C62197DB02C.jpeg\" alt=\"\" \/><\/a>\t\n\t\t\t<\/div>\n\t\n\t\t\t\t\t<div class=\"item\">\n\t\n\t\t\t<a class=\"kc-image-link kc-pretty-photo\" data-lightbox=\"kc-lightbox\" rel=\"prettyPhoto[392099]\" href=\"https:\/\/santamariadelasierra.com\/web\/wp-content\/uploads\/2020\/11\/A68766CD-F397-4B59-8BBA-EBB1EC949D61.jpeg\"><img src=\"https:\/\/santamariadelasierra.com\/web\/wp-content\/uploads\/2020\/11\/A68766CD-F397-4B59-8BBA-EBB1EC949D61.jpeg\" alt=\"\" \/><\/a>\t\n\t\t\t<\/div>\n\t\n\t\t\t\t\t<div class=\"item\">\n\t\n\t\t\t<a class=\"kc-image-link kc-pretty-photo\" data-lightbox=\"kc-lightbox\" rel=\"prettyPhoto[392099]\" href=\"https:\/\/santamariadelasierra.com\/web\/wp-content\/uploads\/2020\/11\/6971105D-33D4-4B76-8F7E-500FA43566A2.jpeg\"><img src=\"https:\/\/santamariadelasierra.com\/web\/wp-content\/uploads\/2020\/11\/6971105D-33D4-4B76-8F7E-500FA43566A2.jpeg\" alt=\"\" \/><\/a>\t\n\t\t\t<\/div>\n\t\n\t\t\t\t\t<div class=\"item\">\n\t\n\t\t\t<a class=\"kc-image-link kc-pretty-photo\" data-lightbox=\"kc-lightbox\" rel=\"prettyPhoto[392099]\" href=\"https:\/\/santamariadelasierra.com\/web\/wp-content\/uploads\/2020\/11\/0643BE24-17B8-49D2-87A6-A463317285DE.jpeg\"><img src=\"https:\/\/santamariadelasierra.com\/web\/wp-content\/uploads\/2020\/11\/0643BE24-17B8-49D2-87A6-A463317285DE.jpeg\" alt=\"\" \/><\/a>\t\n\t\t\t<\/div>\n\t\n\t\t\t\t\t<div class=\"item\">\n\t\n\t\t\t<a class=\"kc-image-link kc-pretty-photo\" data-lightbox=\"kc-lightbox\" rel=\"prettyPhoto[392099]\" href=\"https:\/\/santamariadelasierra.com\/web\/wp-content\/uploads\/2020\/11\/063C1DE5-38AF-4B73-8433-66A8D6EDA5C2.jpeg\"><img src=\"https:\/\/santamariadelasierra.com\/web\/wp-content\/uploads\/2020\/11\/063C1DE5-38AF-4B73-8433-66A8D6EDA5C2.jpeg\" alt=\"\" \/><\/a>\t\n\t\t\t<\/div>\n\t\n\t\t\t\t\t<div class=\"item\">\n\t\n\t\t\t<a class=\"kc-image-link kc-pretty-photo\" data-lightbox=\"kc-lightbox\" rel=\"prettyPhoto[392099]\" href=\"https:\/\/santamariadelasierra.com\/web\/wp-content\/uploads\/2020\/11\/61CD0374-DFDD-46A9-96EF-59155504A3F6.jpeg\"><img src=\"https:\/\/santamariadelasierra.com\/web\/wp-content\/uploads\/2020\/11\/61CD0374-DFDD-46A9-96EF-59155504A3F6.jpeg\" alt=\"\" \/><\/a>\t\n\t\t\t<\/div>\n\t\n\t\t\t\t\t<div class=\"item\">\n\t\n\t\t\t<a class=\"kc-image-link kc-pretty-photo\" data-lightbox=\"kc-lightbox\" rel=\"prettyPhoto[392099]\" href=\"https:\/\/santamariadelasierra.com\/web\/wp-content\/uploads\/2020\/11\/E85AD66F-521C-4A23-B379-2094F91CBC41.jpeg\"><img src=\"https:\/\/santamariadelasierra.com\/web\/wp-content\/uploads\/2020\/11\/E85AD66F-521C-4A23-B379-2094F91CBC41.jpeg\" alt=\"\" \/><\/a>\t\n\t\t\t<\/div>\n\t\n\t\t\t\t\t<div class=\"item\">\n\t\n\t\t\t<a class=\"kc-image-link kc-pretty-photo\" data-lightbox=\"kc-lightbox\" rel=\"prettyPhoto[392099]\" href=\"\"><img src=\"\" alt=\"\" \/><\/a>\t\n\t\t\t<\/div>\n\t\n\t\t\t\t\t<div class=\"item\">\n\t\n\t\t\t<a class=\"kc-image-link kc-pretty-photo\" data-lightbox=\"kc-lightbox\" rel=\"prettyPhoto[392099]\" href=\"https:\/\/santamariadelasierra.com\/web\/wp-content\/uploads\/2020\/11\/E549539C-D7D9-4C67-B91F-2D532EE296D4.jpeg\"><img src=\"https:\/\/santamariadelasierra.com\/web\/wp-content\/uploads\/2020\/11\/E549539C-D7D9-4C67-B91F-2D532EE296D4.jpeg\" alt=\"\" \/><\/a>\t\n\t\t\t<\/div>\n\t\n\t\t\t\n\t\t<\/div>\n\t\n\t\t\t<\/div>\n<\/div>\n<\/div><\/div><\/div><\/div><\/section><section class=\"kc-elm kc-css-713499 kc_row\"><div class=\"kc-row-container  kc-container\"><div class=\"kc-wrap-columns\"><div class=\"kc-elm kc-css-387939 kc_col-sm-12 kc_column kc_col-sm-12\"><div class=\"kc-col-container\">\n<div class=\"element-block-heading style-default\">\n\t<div class=\"wrapper\">\n\t\t<div class=\"inner\">\n\t\t\t\n\t\t\t\t\t\t<h2 class=\"heading\">Tapalpa, Pueblo M\u00e1gico<\/h2>\n\t\t\t\t\t\t\n\t\t\t\t\t<\/div>\n\t<\/div>\n<\/div><\/div><\/div><\/div><\/div><\/section><section class=\"kc-elm kc-css-918883 kc_row\"><div class=\"kc-row-container  kc-container\"><div class=\"kc-wrap-columns\"><div class=\"kc-elm kc-css-335352 kc_col-sm-4 kc_column kc_col-sm-4\"><div class=\"kc-col-container\"><div class=\"kc_shortcode kc_single_image effect-v3\"><img src=\"https:\/\/santamariadelasierra.com\/web\/wp-content\/uploads\/2020\/03\/IMG-20200306-WA0011-320x400xc.jpg\" class=\"\" alt=\"\" \/><\/div>\n<div class=\"element-block-heading style-default\">\n\t<div class=\"wrapper\">\n\t\t<div class=\"inner\">\n\t\t\t\n\t\t\t\t\t\t\n\t\t\t\t\t\t<p class=\"description\">Disfruta los eventos y  fiestas que durante todo el a\u00f1o se celebran en el pueblo.<\/p>\n\t\t\t\t\t<\/div>\n\t<\/div>\n<\/div><\/div><\/div><div class=\"kc-elm kc-css-257026 kc_col-sm-4 kc_column kc_col-sm-4\"><div class=\"kc-col-container\">\n<div class=\"element-block-heading style-default\">\n\t<div class=\"wrapper\">\n\t\t<div class=\"inner\">\n\t\t\t\n\t\t\t\t\t\t\n\t\t\t\t\t\t<p class=\"description\">El pueblo m\u00e1gico de Tapalpa est\u00e1 a 15 minutos, donde encontrar\u00e1s actividades culturales, art\u00edsticas y gastronom\u00eda t\u00edpica.<\/p>\n\t\t\t\t\t<\/div>\n\t<\/div>\n<\/div><div class=\"kc_shortcode kc_single_image effect-v3\"><img src=\"https:\/\/santamariadelasierra.com\/web\/wp-content\/uploads\/2020\/03\/IMG-20200306-WA0006-320x400xc.jpg\" class=\"\" alt=\"\" \/><\/div><\/div><\/div><div class=\"kc-elm kc-css-158226 kc_col-sm-4 kc_column kc_col-sm-4\"><div class=\"kc-col-container\"><div class=\"kc_shortcode kc_single_image effect-v3\"><img src=\"https:\/\/santamariadelasierra.com\/web\/wp-content\/uploads\/2020\/03\/IMG-20200306-WA0007-320x400xc.jpg\" class=\"\" alt=\"\" \/><\/div>\n<div class=\"element-block-heading style-default\">\n\t<div class=\"wrapper\">\n\t\t<div class=\"inner\">\n\t\t\t\n\t\t\t\t\t\t\n\t\t\t\t\t\t<p class=\"description\">Cerca del fraccionamiento tambi\u00e9n contar\u00e1s restaurantes campestres, donde disfrutar de comidas t\u00edpicas, como el borrego y muchas sorpresas gastron\u00f3micas.<\/p>\n\t\t\t\t\t<\/div>\n\t<\/div>\n<\/div><\/div><\/div><\/div><\/div><\/section><\/p>\n","protected":false},"excerpt":{"rendered":"","protected":false},"author":1,"featured_media":0,"parent":0,"menu_order":0,"comment_status":"closed","ping_status":"closed","template":"","meta":[],"_links":{"self":[{"href":"https:\/\/santamariadelasierra.com\/web\/wp-json\/wp\/v2\/pages\/11055"}],"collection":[{"href":"https:\/\/santamariadelasierra.com\/web\/wp-json\/wp\/v2\/pages"}],"about":[{"href":"https:\/\/santamariadelasierra.com\/web\/wp-json\/wp\/v2\/types\/page"}],"author":[{"embeddable":true,"href":"https:\/\/santamariadelasierra.com\/web\/wp-json\/wp\/v2\/users\/1"}],"replies":[{"embeddable":true,"href":"https:\/\/santamariadelasierra.com\/web\/wp-json\/wp\/v2\/comments?post=11055"}],"version-history":[{"count":24,"href":"https:\/\/santamariadelasierra.com\/web\/wp-json\/wp\/v2\/pages\/11055\/revisions"}],"predecessor-version":[{"id":12065,"href":"https:\/\/santamariadelasierra.com\/web\/wp-json\/wp\/v2\/pages\/11055\/revisions\/12065"}],"wp:attachment":[{"href":"https:\/\/santamariadelasierra.com\/web\/wp-json\/wp\/v2\/media?parent=11055"}],"curies":[{"name":"wp","href":"https:\/\/api.w.org\/{rel}","templated":true}]}}