{"id":12045,"date":"2020-12-08T23:07:58","date_gmt":"2020-12-08T23:07:58","guid":{"rendered":"https:\/\/santamariadelasierra.com\/web\/?page_id=12045"},"modified":"2020-12-08T23:15:32","modified_gmt":"2020-12-08T23:15:32","slug":"aviso-de-privacidad","status":"publish","type":"page","link":"https:\/\/santamariadelasierra.com\/web\/aviso-de-privacidad\/","title":{"rendered":"Aviso de Privacidad"},"content":{"rendered":"<section class=\"kc-elm kc-css-280520 kc_row\"><div class=\"kc-row-container  kc-container\"><div class=\"kc-wrap-columns\"><div class=\"kc-elm kc-css-172106 kc_col-sm-1 kc_column kc_col-sm-1\"><div class=\"kc-col-container\"><\/div><\/div><div class=\"kc-elm kc-css-757713 kc_col-sm-9 kc_column kc_col-sm-9\"><div class=\"kc-col-container\"><div class=\"kc-elm kc-css-995706 kc_text_block\"><\/p>\n<\/p>\n<p>De acuerdo con las disposiciones establecidas en la Ley Federal de Protecci\u00f3n de Datos Personales en Posesi\u00f3n de los Particulares, promulgada en Julio de 2010, el Instituto Federal de Acceso a la Informaci\u00f3n y Protecci\u00f3n de Datos (IFAI) nos obliga legalmente a publicar el siguiente Aviso de Privacidad<\/p>\n<\/p>\n<p>Responsable de la protecci\u00f3n de sus datos personales:<\/p>\n<\/p>\n<p>Santa Mar\u00eda de la sierra \u2013 Camino a San Carlos #7 Los Espinos,<br \/>Tapalpa Jalisco, M\u00e9xico.<\/p>\n<\/p>\n<p>Tel\u00e9fono: 33 3129 6438<\/p>\n<\/p>\n<p>email: sms@santamariadelasierra.com<\/p>\n<\/p>\n<p>Sus datos personales son recabados para los fines que enseguida se mencionan:<\/p>\n<\/p>\n<p>Ser\u00e1n utilizados para responder sus consultas enviadas a trav\u00e9s de nuestro sitio santamariadelasierra.com. Adem\u00e1s ser\u00e1n utilizados para fines de reconocimiento de h\u00e1bitos de consumo de nuestro mercado.\u00a0<\/p>\n<\/p>\n<p>Los datos personales de nuestros clientes que recabamos de forma directa o cuando voluntariamente llenan el formulario de contacto son: Nombre completo, e-mail y tel\u00e9fono.<\/p>\n<\/p>\n<p>Conocemos la responsabilidad de contar con estos datos, por tanto garantizamos su protecci\u00f3n al ser tratados con confidencialidad. Sus datos no ser\u00e1n compartidos terceros,\u00a0 sin su consentimiento, salvo las excepciones previstas en el art\u00edculo 37 de la Ley Federal de Protecci\u00f3n de Datos Personales en Posesi\u00f3n de los Particulares, as\u00ed como a realizar esta transferencia en los t\u00e9rminos que fija esa ley.<\/p>\n<\/p>\n<p>Usted podr\u00e1 acceder a los datos personales que utilizamos, si env\u00eda una solicitud por correo electr\u00f3nico con su nombre completo y direcci\u00f3n de correo electr\u00f3nico. El tiempo de atenci\u00f3n a su solicitud ser\u00e1 de 2 a 15 d\u00edas para ser atendida.<\/p>\n<\/p>\n<p>Usted puede limitar el uso o tratamiento de sus datos personales, para dejar de recibir boletines promocionales comunic\u00e1ndose al email sms@santamariadelasierra.com<\/p>\n<\/p>\n<p>Para rectificar sus datos personales en caso ser inexactos o cancelar tratamiento de los mismos escribiendo a sms@santamariadelasierra.com. Su solicitud deber\u00e1 contener nombre completo, domicilio y direcci\u00f3n de correo electr\u00f3nico. El plazo para atender su solicitud ser\u00e1 de 5 d\u00edas h\u00e1biles a partir de la fecha de recibo de su aviso.<\/p>\n<\/p>\n<p>Modificaciones al aviso de privacidad<\/p>\n<\/p>\n<p>Nos reservamos el derecho de efectuar en cualquier momento modificaciones o actualizaciones al presente aviso de privacidad, para la atenci\u00f3n de novedades legislativas, pol\u00edticas internas o nuevos requerimientos para la prestaci\u00f3n u ofrecimiento de nuestros servicios o productos. Estas modificaciones estar\u00e1n disponibles al p\u00fablico a trav\u00e9s de nuestro sitio web secci\u00f3n aviso de privacidad.<\/p>\n<\/p>\n<p>Uso de cookies<\/p>\n<\/p>\n<p>Las\u00a0 cookies son archivos de texto que son descargados autom\u00e1ticamente y almacenados en su equipo de c\u00f3mputo del usuario al navegar en una p\u00e1gina de Internet espec\u00edfica, que facilita al servidor\u00a0 reconocer preferencias uso y comportamiento.\u00a0<\/p>\n<\/p>\n<p>Le informamos que utilizamos cookies para obtener la informaci\u00f3n que a continuaci\u00f3n se menciona:<\/p>\n<\/p>\n<p>Las p\u00e1ginas que visita de nuestro sitio web, el tiempo de duraci\u00f3n de su visita y la cantidad de p\u00e1ginas que visit\u00f3, as\u00ed como los v\u00ednculos que sigue dentro de nuestro sitio, el r\u00e9cord de pedidos que ha realizado en nuestra tienda en l\u00ednea y el sitio de referencia que utiliz\u00f3 para acceder a nuestro sitio.<\/p>\n<\/p>\n<p>Si usted considera que su derecho de protecci\u00f3n de datos personales ha sido lesionado por alguna conducta de nuestros empleados, presume que en el tratamiento de sus datos personales existe alguna violaci\u00f3n a las disposiciones previstas en la Ley Federal de Protecci\u00f3n de Datos Personales en Posesi\u00f3n de los Particulares, podr\u00e1 interponer la queja o denuncia correspondiente ante el IFAI, para mayor informaci\u00f3n visite: http:\/\/www.ifai.org.mx<\/p>\n<\/p>\n<p>\n<\/div><\/div><\/div><div class=\"kc-elm kc-css-518662 kc_col-sm-1 kc_column kc_col-sm-1\"><div class=\"kc-col-container\"><\/div><\/div><\/div><\/div><\/section>","protected":false},"excerpt":{"rendered":"","protected":false},"author":1,"featured_media":0,"parent":0,"menu_order":0,"comment_status":"closed","ping_status":"closed","template":"","meta":[],"_links":{"self":[{"href":"https:\/\/santamariadelasierra.com\/web\/wp-json\/wp\/v2\/pages\/12045"}],"collection":[{"href":"https:\/\/santamariadelasierra.com\/web\/wp-json\/wp\/v2\/pages"}],"about":[{"href":"https:\/\/santamariadelasierra.com\/web\/wp-json\/wp\/v2\/types\/page"}],"author":[{"embeddable":true,"href":"https:\/\/santamariadelasierra.com\/web\/wp-json\/wp\/v2\/users\/1"}],"replies":[{"embeddable":true,"href":"https:\/\/santamariadelasierra.com\/web\/wp-json\/wp\/v2\/comments?post=12045"}],"version-history":[{"count":4,"href":"https:\/\/santamariadelasierra.com\/web\/wp-json\/wp\/v2\/pages\/12045\/revisions"}],"predecessor-version":[{"id":12049,"href":"https:\/\/santamariadelasierra.com\/web\/wp-json\/wp\/v2\/pages\/12045\/revisions\/12049"}],"wp:attachment":[{"href":"https:\/\/santamariadelasierra.com\/web\/wp-json\/wp\/v2\/media?parent=12045"}],"curies":[{"name":"wp","href":"https:\/\/api.w.org\/{rel}","templated":true}]}}